{"id":9,"date":"2020-03-05T16:50:39","date_gmt":"2020-03-05T16:50:39","guid":{"rendered":"http:\/\/recitas.ca\/parlerpictos\/?page_id=9"},"modified":"2025-10-02T15:32:00","modified_gmt":"2025-10-02T19:32:00","slug":"contact","status":"publish","type":"page","link":"https:\/\/recitas.ca\/parlerpictos\/contact\/","title":{"rendered":"Nous joindre"},"content":{"rendered":"<div class=\"wpb-content-wrapper\"><p>[vc_row][vc_column][vc_column_text]<\/p>\n<h1 style=\"text-align: center;\">Nous joindre<\/h1>\n<p>[\/vc_column_text][vc_separator color=\u00a0\u00bbcustom\u00a0\u00bb border_width=\u00a0\u00bb5&Prime; el_width=\u00a0\u00bb20&Prime; accent_color=\u00a0\u00bb#faa22a\u00a0\u00bb][vc_column_text]<\/p>\n<div class=\"vc_row wpb_row vc_row-fluid\">\n<div class=\"wpb_column vc_column_container vc_col-sm-12\">\n<div class=\"vc_column-inner\">\n<div class=\"wpb_wrapper\">\n<div class=\"wpb_text_column wpb_content_element \">\n<div class=\"wpb_wrapper\">\n<h2 style=\"text-align: center;\"><\/h2>\n<\/div>\n<\/div>\n<\/div>\n<\/div>\n<\/div>\n<\/div>\n<div class=\"vc_row wpb_row vc_row-fluid\">\n<div class=\"wpb_column vc_column_container vc_col-sm-12\">\n<div class=\"vc_column-inner\">\n<div class=\"wpb_wrapper\">\n<div class=\"wpb_text_column wpb_content_element \">\n<div class=\"wpb_wrapper\" style=\"text-align: center;\">N\u2019h\u00e9sitez pas \u00e0 communiquer avec la personne-ressource qui tentera de r\u00e9pondre \u00e0 vos questions concernant les ressources de ce pr\u00e9sent site Web. Prenez contact et laissez-l\u00e0 vous accompagner !<\/div>\n<\/div>\n<\/div>\n<\/div>\n<\/div>\n<\/div>\n<p>[\/vc_column_text][\/vc_column][\/vc_row][vc_row][vc_column width=\u00a0\u00bb1\/6&Prime;][\/vc_column][vc_column width=\u00a0\u00bb2\/3&Prime;][vc_column_text css=\u00a0\u00bb\u00a0\u00bb]<\/p>\n<p style=\"text-align: center;\"><strong>Martin Gagnon<\/strong><\/p>\n<p style=\"text-align: center;\">Conseiller p\u00e9dagogique<\/p>\n<p>[\/vc_column_text]<div class=\"aio-icon-component    style_1\"><div id=\"Info-box-wrap-7836\" class=\"aio-icon-box top-icon\" style=\"\"  ><div class=\"aio-icon-top\"><div class=\"ult-just-icon-wrapper  \"><div class=\"align-icon\" style=\"text-align:center;\">\n<div class=\"aio-icon-img \" style=\"font-size:34px;display:inline-block;\" >\n\t<img decoding=\"async\" class=\"img-icon\" alt=\"null\" src=\"https:\/\/recitas.ca\/parlerpictos\/wp-content\/uploads\/2024\/04\/mail-logo.png\"\/>\n<\/div><\/div><\/div><\/div><div class=\"aio-icon-description ult-responsive\"  data-ultimate-target='#Info-box-wrap-7836 .aio-icon-description'  data-responsive-json-new='{\"font-size\":\"\",\"line-height\":\"\"}'  style=\"\"><\/p>\n<p style=\"text-align: center;\" data-pm-slice=\"1 1 [&quot;bulletList&quot;,null,&quot;listItem&quot;,null,&quot;bulletList&quot;,null,&quot;listItem&quot;,null,&quot;bulletList&quot;,null,&quot;listItem&quot;,null]\"><a href=\"mailto:gagnonmar@csdm.qc.ca\">gagnonmar@csdm.qc.ca<\/a><\/p>\n<p><\/div> <!-- description --><\/div> <!-- aio-icon-box --><\/div> <!-- aio-icon-component -->[\/vc_column][vc_column width=\u00a0\u00bb1\/6&Prime;][\/vc_column][\/vc_row]<\/p>\n<\/div>","protected":false},"excerpt":{"rendered":"<p>[vc_row][vc_column][vc_column_text] Nous joindre [\/vc_column_text][vc_separator color=\u00a0\u00bbcustom\u00a0\u00bb border_width=\u00a0\u00bb5&Prime; el_width=\u00a0\u00bb20&Prime; accent_color=\u00a0\u00bb#faa22a\u00a0\u00bb][vc_column_text] N\u2019h\u00e9sitez pas \u00e0 communiquer avec la personne-ressource qui tentera de r\u00e9pondre \u00e0 vos questions concernant les ressources de ce pr\u00e9sent site Web. Prenez contact et laissez-l\u00e0 vous accompagner ! [\/vc_column_text][\/vc_column][\/vc_row][vc_row][vc_column width=\u00a0\u00bb1\/6&Prime;][\/vc_column][vc_column width=\u00a0\u00bb2\/3&Prime;][vc_column_text css=\u00a0\u00bb\u00a0\u00bb] Martin Gagnon Conseiller p\u00e9dagogique [\/vc_column_text][\/vc_column][vc_column width=\u00a0\u00bb1\/6&Prime;][\/vc_column][\/vc_row]<\/p>\n","protected":false},"author":1,"featured_media":0,"parent":0,"menu_order":0,"comment_status":"closed","ping_status":"closed","template":"","meta":{"footnotes":""},"class_list":["post-9","page","type-page","status-publish","hentry","description-off"],"_links":{"self":[{"href":"https:\/\/recitas.ca\/parlerpictos\/wp-json\/wp\/v2\/pages\/9","targetHints":{"allow":["GET"]}}],"collection":[{"href":"https:\/\/recitas.ca\/parlerpictos\/wp-json\/wp\/v2\/pages"}],"about":[{"href":"https:\/\/recitas.ca\/parlerpictos\/wp-json\/wp\/v2\/types\/page"}],"author":[{"embeddable":true,"href":"https:\/\/recitas.ca\/parlerpictos\/wp-json\/wp\/v2\/users\/1"}],"replies":[{"embeddable":true,"href":"https:\/\/recitas.ca\/parlerpictos\/wp-json\/wp\/v2\/comments?post=9"}],"version-history":[{"count":29,"href":"https:\/\/recitas.ca\/parlerpictos\/wp-json\/wp\/v2\/pages\/9\/revisions"}],"predecessor-version":[{"id":828,"href":"https:\/\/recitas.ca\/parlerpictos\/wp-json\/wp\/v2\/pages\/9\/revisions\/828"}],"wp:attachment":[{"href":"https:\/\/recitas.ca\/parlerpictos\/wp-json\/wp\/v2\/media?parent=9"}],"curies":[{"name":"wp","href":"https:\/\/api.w.org\/{rel}","templated":true}]}}