{"id":88,"date":"2020-03-09T11:48:46","date_gmt":"2020-03-09T15:48:46","guid":{"rendered":"http:\/\/recitas.ca\/parlerpictos\/?page_id=88"},"modified":"2025-10-02T15:44:18","modified_gmt":"2025-10-02T19:44:18","slug":"bienvenue-2","status":"publish","type":"page","link":"https:\/\/recitas.ca\/parlerpictos\/","title":{"rendered":"Parlerpictos"},"content":{"rendered":"<div class=\"wpb-content-wrapper\"><p>[vc_row][vc_column][vc_column_text]<\/p>\r\n<h1 style=\"text-align: center;\">Parlerpictos<\/h1>\r\n<p>[\/vc_column_text][vc_separator color=\u00a0\u00bbcustom\u00a0\u00bb border_width=\u00a0\u00bb5&Prime; el_width=\u00a0\u00bb20&Prime; accent_color=\u00a0\u00bb#faa22a\u00a0\u00bb][vc_column_text]<\/p>\r\n<h2 style=\"text-align: center;\">Une banque de pictogrammes<\/h2>\r\n<p>[\/vc_column_text][vc_row_inner content_placement=\u00a0\u00bbmiddle\u00a0\u00bb][vc_column_inner width=\u00a0\u00bb1\/2&Prime;][vc_single_image image=\u00a0\u00bb442&Prime; img_size=\u00a0\u00bb400&#215;400&Prime; alignment=\u00a0\u00bbcenter\u00a0\u00bb][\/vc_column_inner][vc_column_inner width=\u00a0\u00bb1\/2&Prime;][vc_column_text css=\u00a0\u00bb\u00a0\u00bb]<\/p>\r\n<p>Le R\u00c9CIT inclusion et adaptation scolaire est heureux de vous accueillir sur son site Parlerpictos. Cette ressource est d\u00e9di\u00e9e aux intervenants scolaires souhaitant soutenir la communication orale ou \u00e9crite de l&rsquo;ensemble des \u00e9l\u00e8ves \u00e0 l&rsquo;aide de pictogrammes. Ces derniers sont con\u00e7us pour r\u00e9pondre de mani\u00e8re universelle aux besoins diversifi\u00e9s des \u00e9l\u00e8ves, du pr\u00e9scolaire jusqu&rsquo;\u00e0 la FP ou la FGA.<\/p>\r\n\r\n<p><br \/>D\u00e9tenteur exclusif des droits sur la banque Parlerpictos d\u00e9velopp\u00e9e il y a plusieurs ann\u00e9es par des professionnelles passionn\u00e9es du Centre de suppl\u00e9ance \u00e0 la communication orale et \u00e9crite (CSCOE), le Service national du R\u00c9CIT inclusion et adaptation scolaire invite tous les intervenants scolaires \u00e0 partager leurs outils et les meilleures pratiques pour soutenir la r\u00e9ussite \u00e9ducative et scolaire de ces \u00e9l\u00e8ves.<\/p>\r\n\r\n<p><br \/>Tous les outils et toutes les ressources qui seront d\u00e9pos\u00e9s sur le site seront libres et gratuits, sans exception, permettant ainsi \u00e0 tous les intervenants scolaires, parents et \u00e9l\u00e8ves de pouvoir en b\u00e9n\u00e9ficier.<\/p>\r\n\r\n<p>&nbsp;<\/p>\r\n<hr class=\"wp-block-separator has-css-opacity\" \/>\r\n<p>&nbsp;<\/p>\r\n<p>[\/vc_column_text][\/vc_column_inner][\/vc_row_inner][\/vc_column][\/vc_row]<\/p><\/div>","protected":false},"excerpt":{"rendered":"<p>[vc_row][vc_column][vc_column_text] Parlerpictos [\/vc_column_text][vc_separator color=\u00a0\u00bbcustom\u00a0\u00bb border_width=\u00a0\u00bb5&Prime; el_width=\u00a0\u00bb20&Prime; accent_color=\u00a0\u00bb#faa22a\u00a0\u00bb][vc_column_text] Une banque de pictogrammes [\/vc_column_text][vc_row_inner content_placement=\u00a0\u00bbmiddle\u00a0\u00bb][vc_column_inner width=\u00a0\u00bb1\/2&Prime;][vc_single_image image=\u00a0\u00bb442&Prime; img_size=\u00a0\u00bb400&#215;400&Prime; alignment=\u00a0\u00bbcenter\u00a0\u00bb][\/vc_column_inner][vc_column_inner width=\u00a0\u00bb1\/2&Prime;][vc_column_text css=\u00a0\u00bb\u00a0\u00bb] Le R\u00c9CIT inclusion et adaptation scolaire est heureux de vous accueillir sur son site Parlerpictos. Cette ressource est d\u00e9di\u00e9e aux intervenants scolaires souhaitant soutenir la communication orale ou \u00e9crite de l&rsquo;ensemble des \u00e9l\u00e8ves \u00e0 l&rsquo;aide de&hellip;<\/p>\n","protected":false},"author":1,"featured_media":652,"parent":0,"menu_order":0,"comment_status":"closed","ping_status":"closed","template":"","meta":{"footnotes":""},"class_list":["post-88","page","type-page","status-publish","has-post-thumbnail","hentry","description-off"],"_links":{"self":[{"href":"https:\/\/recitas.ca\/parlerpictos\/wp-json\/wp\/v2\/pages\/88","targetHints":{"allow":["GET"]}}],"collection":[{"href":"https:\/\/recitas.ca\/parlerpictos\/wp-json\/wp\/v2\/pages"}],"about":[{"href":"https:\/\/recitas.ca\/parlerpictos\/wp-json\/wp\/v2\/types\/page"}],"author":[{"embeddable":true,"href":"https:\/\/recitas.ca\/parlerpictos\/wp-json\/wp\/v2\/users\/1"}],"replies":[{"embeddable":true,"href":"https:\/\/recitas.ca\/parlerpictos\/wp-json\/wp\/v2\/comments?post=88"}],"version-history":[{"count":13,"href":"https:\/\/recitas.ca\/parlerpictos\/wp-json\/wp\/v2\/pages\/88\/revisions"}],"predecessor-version":[{"id":831,"href":"https:\/\/recitas.ca\/parlerpictos\/wp-json\/wp\/v2\/pages\/88\/revisions\/831"}],"wp:featuredmedia":[{"embeddable":true,"href":"https:\/\/recitas.ca\/parlerpictos\/wp-json\/wp\/v2\/media\/652"}],"wp:attachment":[{"href":"https:\/\/recitas.ca\/parlerpictos\/wp-json\/wp\/v2\/media?parent=88"}],"curies":[{"name":"wp","href":"https:\/\/api.w.org\/{rel}","templated":true}]}}