{"id":707,"date":"2025-03-26T11:12:43","date_gmt":"2025-03-26T15:12:43","guid":{"rendered":"https:\/\/recitas.ca\/parlerpictos\/?page_id=707"},"modified":"2025-03-31T11:30:05","modified_gmt":"2025-03-31T15:30:05","slug":"tutoriels","status":"publish","type":"page","link":"https:\/\/recitas.ca\/parlerpictos\/tutoriels\/","title":{"rendered":"Tutoriels"},"content":{"rendered":"<div class=\"wpb-content-wrapper\"><p>[vc_row][vc_column][vc_column_text]<\/p>\n<h1 style=\"text-align: center;\">Tutoriels<\/h1>\n<p>[\/vc_column_text][vc_separator color=\u00a0\u00bbcustom\u00a0\u00bb border_width=\u00a0\u00bb5&Prime; el_width=\u00a0\u00bb20&Prime; accent_color=\u00a0\u00bb#faa22a\u00a0\u00bb][vc_single_image image=\u00a0\u00bb736&Prime; img_size=\u00a0\u00bb100&#215;100&Prime; alignment=\u00a0\u00bbcenter\u00a0\u00bb][vc_row_inner][vc_column_inner width=\u00a0\u00bb1\/2&Prime;][vc_column_text]<\/p>\n<h4 style=\"text-align: center;\"><strong>D\u00e9marrer un nouveau projet\u00a0<\/strong><\/h4>\n<p>[\/vc_column_text][vc_separator color=\u00a0\u00bbcustom\u00a0\u00bb border_width=\u00a0\u00bb5&Prime; el_width=\u00a0\u00bb20&Prime; accent_color=\u00a0\u00bb#faa22a\u00a0\u00bb][vc_video link=\u00a0\u00bbhttps:\/\/youtu.be\/A9q90lzpcyo?si=_&#8211;Pfm9QZn2VDQdG\u00a0\u00bb][\/vc_column_inner][vc_column_inner width=\u00a0\u00bb1\/2&Prime;][vc_column_text]<\/p>\n<h4 style=\"text-align: center;\"><strong>Ins\u00e9rer un pictogramme\u00a0<\/strong><\/h4>\n<p>[\/vc_column_text][vc_separator color=\u00a0\u00bbcustom\u00a0\u00bb border_width=\u00a0\u00bb5&Prime; el_width=\u00a0\u00bb20&Prime; accent_color=\u00a0\u00bb#faa22a\u00a0\u00bb][vc_video link=\u00a0\u00bbhttps:\/\/youtu.be\/03jm6Edoruo\u00a0\u00bb][\/vc_column_inner][\/vc_row_inner][vc_row_inner][vc_column_inner width=\u00a0\u00bb1\/2&Prime;][vc_column_text]<\/p>\n<h4 style=\"text-align: center;\"><strong>Ajouter une bordure<\/strong><\/h4>\n<p>[\/vc_column_text][vc_separator color=\u00a0\u00bbcustom\u00a0\u00bb border_width=\u00a0\u00bb5&Prime; el_width=\u00a0\u00bb20&Prime; accent_color=\u00a0\u00bb#faa22a\u00a0\u00bb][vc_video link=\u00a0\u00bbhttps:\/\/youtu.be\/jR_uT7MdtQU?si=UPmhDlnZfpD24KHl\u00a0\u00bb][\/vc_column_inner][vc_column_inner width=\u00a0\u00bb1\/2&Prime;][vc_column_text]<\/p>\n<h4 style=\"text-align: center;\"><strong>Ajouter un encadr\u00e9 texte<\/strong><\/h4>\n<p>[\/vc_column_text][vc_separator color=\u00a0\u00bbcustom\u00a0\u00bb border_width=\u00a0\u00bb5&Prime; el_width=\u00a0\u00bb20&Prime; accent_color=\u00a0\u00bb#faa22a\u00a0\u00bb][vc_video link=\u00a0\u00bbhttps:\/\/youtu.be\/L6tRF_nljp4?si=-7Nvvgtbb1_2WstO\u00a0\u00bb][\/vc_column_inner][\/vc_row_inner][vc_row_inner][vc_column_inner width=\u00a0\u00bb1\/2&Prime;][vc_column_text]<\/p>\n<h4 style=\"text-align: center;\"><strong>Ajouter des \u00e9l\u00e9ments \u00e0 un pictogramme<\/strong><\/h4>\n<p>[\/vc_column_text][vc_separator color=\u00a0\u00bbcustom\u00a0\u00bb border_width=\u00a0\u00bb5&Prime; el_width=\u00a0\u00bb20&Prime; accent_color=\u00a0\u00bb#faa22a\u00a0\u00bb][vc_video link=\u00a0\u00bbhttps:\/\/youtu.be\/pnahVJ5cDl0&Prime;][\/vc_column_inner][vc_column_inner width=\u00a0\u00bb1\/2&Prime;][vc_column_text]<\/p>\n<h4 style=\"text-align: center;\"><strong>Juxtaposer deux pictogrammes<\/strong><\/h4>\n<p>[\/vc_column_text][vc_separator color=\u00a0\u00bbcustom\u00a0\u00bb border_width=\u00a0\u00bb5&Prime; el_width=\u00a0\u00bb20&Prime; accent_color=\u00a0\u00bb#faa22a\u00a0\u00bb][vc_video link=\u00a0\u00bbhttps:\/\/youtu.be\/MBRjJ8AuYO4&Prime;][\/vc_column_inner][\/vc_row_inner][vc_row_inner][vc_column_inner width=\u00a0\u00bb1\/2&Prime;][vc_column_text]<\/p>\n<h4 style=\"text-align: center;\"><strong>Cr\u00e9er une s\u00e9quence de cases\u00a0<\/strong><\/h4>\n<p>[\/vc_column_text][vc_separator color=\u00a0\u00bbcustom\u00a0\u00bb border_width=\u00a0\u00bb5&Prime; el_width=\u00a0\u00bb20&Prime; accent_color=\u00a0\u00bb#faa22a\u00a0\u00bb][vc_video link=\u00a0\u00bbhttps:\/\/youtu.be\/9xCRZUuI4yM\u00a0\u00bb][\/vc_column_inner][vc_column_inner width=\u00a0\u00bb1\/2&Prime;][vc_column_text]<\/p>\n<h4 style=\"text-align: center;\"><strong>Enlever l\u2019arri\u00e8re-plan d\u2019un pictogramme\u00a0<\/strong><\/h4>\n<p>[\/vc_column_text][vc_separator color=\u00a0\u00bbcustom\u00a0\u00bb border_width=\u00a0\u00bb5&Prime; el_width=\u00a0\u00bb20&Prime; accent_color=\u00a0\u00bb#faa22a\u00a0\u00bb][vc_video link=\u00a0\u00bbhttps:\/\/youtu.be\/Y-22NGaugs4?feature=shared\u00a0\u00bb][\/vc_column_inner][\/vc_row_inner][vc_row_inner][vc_column_inner width=\u00a0\u00bb1\/2&Prime;][vc_column_text]<\/p>\n<h4 style=\"text-align: center;\"><strong>Grouper et d\u00e9grouper des \u00e9l\u00e9ments\u00a0<\/strong><\/h4>\n<p>[\/vc_column_text][vc_separator color=\u00a0\u00bbcustom\u00a0\u00bb border_width=\u00a0\u00bb5&Prime; el_width=\u00a0\u00bb20&Prime; accent_color=\u00a0\u00bb#faa22a\u00a0\u00bb][vc_video link=\u00a0\u00bbhttps:\/\/youtu.be\/nIPyyCvo408&Prime;][\/vc_column_inner][vc_column_inner width=\u00a0\u00bb1\/2&Prime;][vc_column_text]<\/p>\n<h4 style=\"text-align: center;\"><strong>Enlever des d\u00e9tails sur un pictogramme\u00a0<\/strong><\/h4>\n<p>[\/vc_column_text][vc_separator color=\u00a0\u00bbcustom\u00a0\u00bb border_width=\u00a0\u00bb5&Prime; el_width=\u00a0\u00bb20&Prime; accent_color=\u00a0\u00bb#faa22a\u00a0\u00bb][vc_video link=\u00a0\u00bbhttps:\/\/youtu.be\/M3CLqUWxums\u00a0\u00bb][\/vc_column_inner][\/vc_row_inner][\/vc_column][\/vc_row]<\/p>\n<\/div>","protected":false},"excerpt":{"rendered":"<p>[vc_row][vc_column][vc_column_text] Tutoriels [\/vc_column_text][vc_separator color=\u00a0\u00bbcustom\u00a0\u00bb border_width=\u00a0\u00bb5&Prime; el_width=\u00a0\u00bb20&Prime; accent_color=\u00a0\u00bb#faa22a\u00a0\u00bb][vc_single_image image=\u00a0\u00bb736&Prime; img_size=\u00a0\u00bb100&#215;100&Prime; alignment=\u00a0\u00bbcenter\u00a0\u00bb][vc_row_inner][vc_column_inner width=\u00a0\u00bb1\/2&Prime;][vc_column_text] D\u00e9marrer un nouveau projet\u00a0 [\/vc_column_text][vc_separator color=\u00a0\u00bbcustom\u00a0\u00bb border_width=\u00a0\u00bb5&Prime; el_width=\u00a0\u00bb20&Prime; accent_color=\u00a0\u00bb#faa22a\u00a0\u00bb][vc_video link=\u00a0\u00bbhttps:\/\/youtu.be\/A9q90lzpcyo?si=_&#8211;Pfm9QZn2VDQdG\u00a0\u00bb][\/vc_column_inner][vc_column_inner width=\u00a0\u00bb1\/2&Prime;][vc_column_text] Ins\u00e9rer un pictogramme\u00a0 [\/vc_column_text][vc_separator color=\u00a0\u00bbcustom\u00a0\u00bb border_width=\u00a0\u00bb5&Prime; el_width=\u00a0\u00bb20&Prime; accent_color=\u00a0\u00bb#faa22a\u00a0\u00bb][vc_video link=\u00a0\u00bbhttps:\/\/youtu.be\/03jm6Edoruo\u00a0\u00bb][\/vc_column_inner][\/vc_row_inner][vc_row_inner][vc_column_inner width=\u00a0\u00bb1\/2&Prime;][vc_column_text] Ajouter une bordure [\/vc_column_text][vc_separator color=\u00a0\u00bbcustom\u00a0\u00bb border_width=\u00a0\u00bb5&Prime; el_width=\u00a0\u00bb20&Prime; accent_color=\u00a0\u00bb#faa22a\u00a0\u00bb][vc_video link=\u00a0\u00bbhttps:\/\/youtu.be\/jR_uT7MdtQU?si=UPmhDlnZfpD24KHl\u00a0\u00bb][\/vc_column_inner][vc_column_inner width=\u00a0\u00bb1\/2&Prime;][vc_column_text] Ajouter un encadr\u00e9 texte [\/vc_column_text][vc_separator color=\u00a0\u00bbcustom\u00a0\u00bb border_width=\u00a0\u00bb5&Prime; el_width=\u00a0\u00bb20&Prime; accent_color=\u00a0\u00bb#faa22a\u00a0\u00bb][vc_video link=\u00a0\u00bbhttps:\/\/youtu.be\/L6tRF_nljp4?si=-7Nvvgtbb1_2WstO\u00a0\u00bb][\/vc_column_inner][\/vc_row_inner][vc_row_inner][vc_column_inner width=\u00a0\u00bb1\/2&Prime;][vc_column_text] Ajouter des&hellip;<\/p>\n","protected":false},"author":1,"featured_media":0,"parent":0,"menu_order":0,"comment_status":"closed","ping_status":"closed","template":"","meta":{"footnotes":""},"class_list":["post-707","page","type-page","status-publish","hentry","description-off"],"_links":{"self":[{"href":"https:\/\/recitas.ca\/parlerpictos\/wp-json\/wp\/v2\/pages\/707","targetHints":{"allow":["GET"]}}],"collection":[{"href":"https:\/\/recitas.ca\/parlerpictos\/wp-json\/wp\/v2\/pages"}],"about":[{"href":"https:\/\/recitas.ca\/parlerpictos\/wp-json\/wp\/v2\/types\/page"}],"author":[{"embeddable":true,"href":"https:\/\/recitas.ca\/parlerpictos\/wp-json\/wp\/v2\/users\/1"}],"replies":[{"embeddable":true,"href":"https:\/\/recitas.ca\/parlerpictos\/wp-json\/wp\/v2\/comments?post=707"}],"version-history":[{"count":13,"href":"https:\/\/recitas.ca\/parlerpictos\/wp-json\/wp\/v2\/pages\/707\/revisions"}],"predecessor-version":[{"id":737,"href":"https:\/\/recitas.ca\/parlerpictos\/wp-json\/wp\/v2\/pages\/707\/revisions\/737"}],"wp:attachment":[{"href":"https:\/\/recitas.ca\/parlerpictos\/wp-json\/wp\/v2\/media?parent=707"}],"curies":[{"name":"wp","href":"https:\/\/api.w.org\/{rel}","templated":true}]}}