{"id":648,"date":"2024-05-29T10:02:12","date_gmt":"2024-05-29T14:02:12","guid":{"rendered":"https:\/\/recitas.ca\/parlerpictos\/?page_id=648"},"modified":"2024-05-29T10:02:12","modified_gmt":"2024-05-29T14:02:12","slug":"plan-du-site","status":"publish","type":"page","link":"https:\/\/recitas.ca\/parlerpictos\/plan-du-site\/","title":{"rendered":"Plan du site"},"content":{"rendered":"<h1>Plan du site<\/h1>\n<div class=\"gap\" style=\"line-height: 50px; height: 50px;\"><\/div>\n<div class=\"wsp-container\"><h2 class=\"wsp-pages-title\">Pages<\/h2>\n<ul class=\"wsp-pages-list\">\n<li class=\"page_item page-item-8\"><a href=\"https:\/\/recitas.ca\/parlerpictos\/a-propos-de\/\">\u00c0 propos de<\/a><\/li>\n<li class=\"page_item page-item-133\"><a href=\"https:\/\/recitas.ca\/parlerpictos\/a-propos-de-parlerpictos\/\">\u00c0 propos de Parlerpictos<\/a><\/li>\n<li class=\"page_item page-item-138\"><a href=\"https:\/\/recitas.ca\/parlerpictos\/a-propos-des-mains-animees\/\">\u00c0 propos des Mains anim\u00e9es<\/a><\/li>\n<li class=\"page_item page-item-215\"><a href=\"https:\/\/recitas.ca\/parlerpictos\/cahier-mains-animees\/\">Cahier &#8211; Mains Anim\u00e9es<\/a><\/li>\n<li class=\"page_item page-item-645\"><a href=\"https:\/\/recitas.ca\/parlerpictos\/conditions-generales-dutilisation\/\">Conditions g\u00e9n\u00e9rales d&rsquo;utilisation<\/a><\/li>\n<li class=\"page_item page-item-56\"><a href=\"https:\/\/recitas.ca\/parlerpictos\/consultation\/\">Consultation<\/a><\/li>\n<li class=\"page_item page-item-173\"><a href=\"https:\/\/recitas.ca\/parlerpictos\/credits\/\">Cr\u00e9dits<\/a><\/li>\n<li class=\"page_item page-item-231\"><a href=\"https:\/\/recitas.ca\/parlerpictos\/les-mains-animees-description-des-gestes-noir-et-blanc\/\">Description des Gestes &#8211; Noir et Blanc<\/a><\/li>\n<li class=\"page_item page-item-219\"><a href=\"https:\/\/recitas.ca\/parlerpictos\/guide-de-suppleance-a-la-communication\/\">Guide de suppl\u00e9ance \u00e0 la communication<\/a><\/li>\n<li class=\"page_item page-item-227\"><a href=\"https:\/\/recitas.ca\/parlerpictos\/les-mains-animees-description-des-gestes-couleur\/\">Les Mains Anim\u00e9es &#8211; Description des Gestes &#8211; Couleur<\/a><\/li>\n<li class=\"page_item page-item-111\"><a href=\"https:\/\/recitas.ca\/parlerpictos\/les-mains-animees-couleur\/\">Les mains anim\u00e9es Couleur<\/a><\/li>\n<li class=\"page_item page-item-113\"><a href=\"https:\/\/recitas.ca\/parlerpictos\/les-mains-animees-noir-et-blanc\/\">Les mains anim\u00e9es Noir et blanc<\/a><\/li>\n<li class=\"page_item page-item-141\"><a href=\"https:\/\/recitas.ca\/parlerpictos\/licence-creative-commons\/\">Licence Creative Commons<\/a><\/li>\n<li class=\"page_item page-item-102\"><a href=\"https:\/\/recitas.ca\/parlerpictos\/mains-animees\/\">Mains anim\u00e9es<\/a><\/li>\n<li class=\"page_item page-item-9\"><a href=\"https:\/\/recitas.ca\/parlerpictos\/contact\/\">Nous joindre<\/a><\/li>\n<li class=\"page_item page-item-2\"><a href=\"https:\/\/recitas.ca\/parlerpictos\/page-d-exemple\/\">Page d\u2019exemple<\/a><\/li>\n<li class=\"page_item page-item-88\"><a href=\"https:\/\/recitas.ca\/parlerpictos\/\">Parlerpictos<\/a><\/li>\n<li class=\"page_item page-item-64\"><a href=\"https:\/\/recitas.ca\/parlerpictos\/pictogrammes-noir-et-blanc\/\">Pictogrammes<\/a><\/li>\n<li class=\"page_item page-item-61\"><a href=\"https:\/\/recitas.ca\/parlerpictos\/pictogrammes-couleur\/\">Pictogrammes Couleur<\/a><\/li>\n<li class=\"page_item page-item-648\"><a href=\"https:\/\/recitas.ca\/parlerpictos\/plan-du-site\/\">Plan du site<\/a><\/li>\n<li class=\"page_item page-item-3\"><a href=\"https:\/\/recitas.ca\/parlerpictos\/politique-de-confidentialite\/\">Politique de confidentialit\u00e9<\/a><\/li>\n<li class=\"page_item page-item-167\"><a href=\"https:\/\/recitas.ca\/parlerpictos\/rechercher\/\">Rechercher<\/a><\/li>\n<li class=\"page_item page-item-164\"><a href=\"https:\/\/recitas.ca\/parlerpictos\/ressources\/\">Ressources<\/a><\/li>\n<li class=\"page_item page-item-115\"><a href=\"https:\/\/recitas.ca\/parlerpictos\/telechargement-les-mains-animees\/\">T\u00e9l\u00e9chargement &#8211; Les Mains anim\u00e9es<\/a><\/li>\n<li class=\"page_item page-item-72\"><a href=\"https:\/\/recitas.ca\/parlerpictos\/telechargements\/\">T\u00e9l\u00e9chargement &#8211; Parlerpictos<\/a><\/li>\n<li class=\"page_item page-item-238\"><a href=\"https:\/\/recitas.ca\/parlerpictos\/telechargement-description-des-gestes-mains-animees\/\">T\u00e9l\u00e9chargement &#8211; Picto avec description du geste<\/a><\/li>\n<li class=\"page_item page-item-707\"><a href=\"https:\/\/recitas.ca\/parlerpictos\/tutoriels\/\">Tutoriels<\/a><\/li>\n<\/ul>\n<\/div>\n","protected":false},"excerpt":{"rendered":"<p>Plan du site<\/p>\n","protected":false},"author":2,"featured_media":0,"parent":0,"menu_order":0,"comment_status":"closed","ping_status":"closed","template":"","meta":{"footnotes":""},"class_list":["post-648","page","type-page","status-publish","hentry","description-off"],"_links":{"self":[{"href":"https:\/\/recitas.ca\/parlerpictos\/wp-json\/wp\/v2\/pages\/648","targetHints":{"allow":["GET"]}}],"collection":[{"href":"https:\/\/recitas.ca\/parlerpictos\/wp-json\/wp\/v2\/pages"}],"about":[{"href":"https:\/\/recitas.ca\/parlerpictos\/wp-json\/wp\/v2\/types\/page"}],"author":[{"embeddable":true,"href":"https:\/\/recitas.ca\/parlerpictos\/wp-json\/wp\/v2\/users\/2"}],"replies":[{"embeddable":true,"href":"https:\/\/recitas.ca\/parlerpictos\/wp-json\/wp\/v2\/comments?post=648"}],"version-history":[{"count":1,"href":"https:\/\/recitas.ca\/parlerpictos\/wp-json\/wp\/v2\/pages\/648\/revisions"}],"predecessor-version":[{"id":649,"href":"https:\/\/recitas.ca\/parlerpictos\/wp-json\/wp\/v2\/pages\/648\/revisions\/649"}],"wp:attachment":[{"href":"https:\/\/recitas.ca\/parlerpictos\/wp-json\/wp\/v2\/media?parent=648"}],"curies":[{"name":"wp","href":"https:\/\/api.w.org\/{rel}","templated":true}]}}