{"id":219,"date":"2020-09-10T13:44:59","date_gmt":"2020-09-10T17:44:59","guid":{"rendered":"http:\/\/recitas.ca\/parlerpictos\/?page_id=219"},"modified":"2020-09-10T13:44:59","modified_gmt":"2020-09-10T17:44:59","slug":"guide-de-suppleance-a-la-communication","status":"publish","type":"page","link":"https:\/\/recitas.ca\/parlerpictos\/guide-de-suppleance-a-la-communication\/","title":{"rendered":"Guide de suppl\u00e9ance \u00e0 la communication"},"content":{"rendered":"\n<h3 class=\"wp-block-heading\">Communiquer autrement<\/h3>\n\n\n\n<p>Cet ouvrage collectif, \u00e9crit par les membres du CSCOE-Qu\u00e9bec, fait le point sur le d\u00e9veloppement du langage et sur la suppl\u00e9ance \u00e0 la communication orale chez l\u2019enfant et l\u2019adulte. Diff\u00e9rents troubles de la parole y sont d\u00e9crits et comment\u00e9s. Diverses approches de la suppl\u00e9ance y sont d\u00e9finies, appr\u00e9ci\u00e9es et mises en contexte. Divers moyens \u00e9prouv\u00e9s (syst\u00e8mes graphiques et visuels, banques de pictogrammes, m\u00e9thodes p\u00e9dagogiques, etc.) y sont propos\u00e9s.<\/p>\n\n\n\n<p><strong>Pour t\u00e9l\u00e9charger cliquez sur le titre :<\/strong><\/p>\n\n\n\n<ul class=\"wp-block-list\"><li><a href=\"http:\/\/recitas.ca\/parlerpictos\/Documents\/Communiquer-Autrement.pdf\">Communiquer Autrement<\/a><\/li><\/ul>\n","protected":false},"excerpt":{"rendered":"<p>Communiquer autrement Cet ouvrage collectif, \u00e9crit par les membres du CSCOE-Qu\u00e9bec, fait le point sur le d\u00e9veloppement du langage et sur la suppl\u00e9ance \u00e0 la communication orale chez l\u2019enfant et l\u2019adulte. Diff\u00e9rents troubles de la parole y sont d\u00e9crits et comment\u00e9s. Diverses approches de la suppl\u00e9ance y sont d\u00e9finies, appr\u00e9ci\u00e9es et mises en contexte. Divers&hellip;<\/p>\n","protected":false},"author":1,"featured_media":0,"parent":0,"menu_order":0,"comment_status":"closed","ping_status":"closed","template":"","meta":{"footnotes":""},"class_list":["post-219","page","type-page","status-publish","hentry","description-off"],"_links":{"self":[{"href":"https:\/\/recitas.ca\/parlerpictos\/wp-json\/wp\/v2\/pages\/219","targetHints":{"allow":["GET"]}}],"collection":[{"href":"https:\/\/recitas.ca\/parlerpictos\/wp-json\/wp\/v2\/pages"}],"about":[{"href":"https:\/\/recitas.ca\/parlerpictos\/wp-json\/wp\/v2\/types\/page"}],"author":[{"embeddable":true,"href":"https:\/\/recitas.ca\/parlerpictos\/wp-json\/wp\/v2\/users\/1"}],"replies":[{"embeddable":true,"href":"https:\/\/recitas.ca\/parlerpictos\/wp-json\/wp\/v2\/comments?post=219"}],"version-history":[{"count":1,"href":"https:\/\/recitas.ca\/parlerpictos\/wp-json\/wp\/v2\/pages\/219\/revisions"}],"predecessor-version":[{"id":220,"href":"https:\/\/recitas.ca\/parlerpictos\/wp-json\/wp\/v2\/pages\/219\/revisions\/220"}],"wp:attachment":[{"href":"https:\/\/recitas.ca\/parlerpictos\/wp-json\/wp\/v2\/media?parent=219"}],"curies":[{"name":"wp","href":"https:\/\/api.w.org\/{rel}","templated":true}]}}