{"id":215,"date":"2020-09-10T13:38:10","date_gmt":"2020-09-10T17:38:10","guid":{"rendered":"http:\/\/recitas.ca\/parlerpictos\/?page_id=215"},"modified":"2024-05-16T09:42:26","modified_gmt":"2024-05-16T13:42:26","slug":"cahier-mains-animees","status":"publish","type":"page","link":"https:\/\/recitas.ca\/parlerpictos\/cahier-mains-animees\/","title":{"rendered":"Cahier &#8211; Mains Anim\u00e9es"},"content":{"rendered":"<div class=\"wpb-content-wrapper\"><p>[vc_row][vc_column][vc_column_text]<\/p>\r\n<h1 style=\"text-align: center;\">Cahier &#8211; Mains Anim\u00e9es<\/h1>\r\n<p>[\/vc_column_text][vc_separator color=\u00a0\u00bbcustom\u00a0\u00bb border_width=\u00a0\u00bb5&Prime; el_width=\u00a0\u00bb20&Prime; accent_color=\u00a0\u00bb#faa22a\u00a0\u00bb][\/vc_column][\/vc_row][vc_row content_placement=\u00a0\u00bbmiddle\u00a0\u00bb][vc_column width=\u00a0\u00bb1\/2&Prime;][vc_column_text]<\/p>\r\n<p>Les cahiers, version noir et blanc et en couleur, contiennent les 494 Pictogestes du logiciel Les Mains anim\u00e9es en format de 8 cm sur 8 cm, regroup\u00e9s par ordre alphab\u00e9tique ou par cat\u00e9gories (alimentation, corps humain, mots d\u2019action, mots de la vie quotidienne, lieux etc.).<\/p>\r\n\r\n<p>Les Pictogestes class\u00e9s par ordre alphab\u00e9tique permettent un rep\u00e9rage rapide. Un index \u00e0 la fin du r\u00e9pertoire aide \u00e0 trouver le geste recherch\u00e9.<\/p>\r\n\r\n<p>Pour chaque geste on retrouve une illustration sous forme de Pictogestes ainsi qu\u2019une description du geste expliquant la fa\u00e7on de l\u2019ex\u00e9cuter.<\/p>\r\n<p>\u00a0Veuillez prendre note qu&rsquo;aucune mise \u00e0 jour n&rsquo;a \u00e9t\u00e9 effectu\u00e9e depuis la cr\u00e9ation de la banque.\u00a0<\/p>\r\n<p>[\/vc_column_text][\/vc_column][vc_column width=\u00a0\u00bb1\/2&Prime;][vc_single_image image=\u00a0\u00bb216&Prime; img_size=\u00a0\u00bbfull\u00a0\u00bb alignment=\u00a0\u00bbcenter\u00a0\u00bb][\/vc_column][\/vc_row][vc_row][vc_column width=\u00a0\u00bb1\/4&Prime;][vc_single_image image=\u00a0\u00bb567&Prime; img_size=\u00a0\u00bbfull\u00a0\u00bb alignment=\u00a0\u00bbcenter\u00a0\u00bb]<div class=\" ubtn-ctn-center \"><a class=\"ubtn-link ult-adjust-bottom-margin ubtn-center ubtn-normal \" href=\"http:\/\/recitas.ca\/parlerpictos\/mains\/Documents\/mainanimees_4_nb_cat.pdf\" ><button type=\"button\" id=\"ubtn-3142\"  class=\"ubtn ult-adjust-bottom-margin ult-responsive ubtn-normal ubtn-no-hover-bg  none  ubtn-center   tooltip-69e165e91f479\"  data-hover=\"#ffffff\" data-border-color=\"\" data-bg=\"#faa22a\" data-hover-bg=\"#002e54\" data-border-hover=\"\" data-shadow-hover=\"\" data-shadow-click=\"none\" data-shadow=\"\" data-shd-shadow=\"\"  data-ultimate-target='#ubtn-3142'  data-responsive-json-new='{\"font-size\":\"\",\"line-height\":\"\"}'  style=\"font-weight:normal;border:none;background: #faa22a;color: #ffffff;\"><span class=\"ubtn-hover\" style=\"background-color:#002e54\"><\/span><span class=\"ubtn-data ubtn-text \" >T\u00c9L\u00c9CHARGER<\/span><\/button><\/a><\/div>[\/vc_column][vc_column width=\u00a0\u00bb1\/4&Prime;][vc_single_image image=\u00a0\u00bb568&Prime; img_size=\u00a0\u00bbfull\u00a0\u00bb alignment=\u00a0\u00bbcenter\u00a0\u00bb]<div class=\" ubtn-ctn-center \"><a class=\"ubtn-link ult-adjust-bottom-margin ubtn-center ubtn-normal \" href=\"http:\/\/recitas.ca\/parlerpictos\/mains\/Documents\/mainanimees_4_nb_az.pdf\" ><button type=\"button\" id=\"ubtn-4891\"  class=\"ubtn ult-adjust-bottom-margin ult-responsive ubtn-normal ubtn-no-hover-bg  none  ubtn-center   tooltip-69e165e91f51c\"  data-hover=\"#ffffff\" data-border-color=\"\" data-bg=\"#faa22a\" data-hover-bg=\"#002e54\" data-border-hover=\"\" data-shadow-hover=\"\" data-shadow-click=\"none\" data-shadow=\"\" data-shd-shadow=\"\"  data-ultimate-target='#ubtn-4891'  data-responsive-json-new='{\"font-size\":\"\",\"line-height\":\"\"}'  style=\"font-weight:normal;border:none;background: #faa22a;color: #ffffff;\"><span class=\"ubtn-hover\" style=\"background-color:#002e54\"><\/span><span class=\"ubtn-data ubtn-text \" >T\u00c9L\u00c9CHARGER<\/span><\/button><\/a><\/div>[\/vc_column][vc_column width=\u00a0\u00bb1\/4&Prime;][vc_single_image image=\u00a0\u00bb569&Prime; img_size=\u00a0\u00bbfull\u00a0\u00bb alignment=\u00a0\u00bbcenter\u00a0\u00bb]<div class=\" ubtn-ctn-center \"><a class=\"ubtn-link ult-adjust-bottom-margin ubtn-center ubtn-normal \" href=\"http:\/\/recitas.ca\/parlerpictos\/mains\/Documents\/mainanimees_4_coul_cat.pdf\" ><button type=\"button\" id=\"ubtn-2485\"  class=\"ubtn ult-adjust-bottom-margin ult-responsive ubtn-normal ubtn-no-hover-bg  none  ubtn-center   tooltip-69e165e91f54a\"  data-hover=\"#ffffff\" data-border-color=\"\" data-bg=\"#faa22a\" data-hover-bg=\"#002e54\" data-border-hover=\"\" data-shadow-hover=\"\" data-shadow-click=\"none\" data-shadow=\"\" data-shd-shadow=\"\"  data-ultimate-target='#ubtn-2485'  data-responsive-json-new='{\"font-size\":\"\",\"line-height\":\"\"}'  style=\"font-weight:normal;border:none;background: #faa22a;color: #ffffff;\"><span class=\"ubtn-hover\" style=\"background-color:#002e54\"><\/span><span class=\"ubtn-data ubtn-text \" >T\u00c9L\u00c9CHARGER<\/span><\/button><\/a><\/div>[\/vc_column][vc_column width=\u00a0\u00bb1\/4&Prime;][vc_single_image image=\u00a0\u00bb570&Prime; img_size=\u00a0\u00bbfull\u00a0\u00bb alignment=\u00a0\u00bbcenter\u00a0\u00bb]<div class=\" ubtn-ctn-center \"><a class=\"ubtn-link ult-adjust-bottom-margin ubtn-center ubtn-normal \" href=\"http:\/\/recitas.ca\/parlerpictos\/mains\/Documents\/mainanimees_4_coul_az.pdf\" ><button type=\"button\" id=\"ubtn-6976\"  class=\"ubtn ult-adjust-bottom-margin ult-responsive ubtn-normal ubtn-no-hover-bg  none  ubtn-center   tooltip-69e165e91f56f\"  data-hover=\"#ffffff\" data-border-color=\"\" data-bg=\"#faa22a\" data-hover-bg=\"#002e54\" data-border-hover=\"\" data-shadow-hover=\"\" data-shadow-click=\"none\" data-shadow=\"\" data-shd-shadow=\"\"  data-ultimate-target='#ubtn-6976'  data-responsive-json-new='{\"font-size\":\"\",\"line-height\":\"\"}'  style=\"font-weight:normal;border:none;background: #faa22a;color: #ffffff;\"><span class=\"ubtn-hover\" style=\"background-color:#002e54\"><\/span><span class=\"ubtn-data ubtn-text \" >T\u00c9L\u00c9CHARGER<\/span><\/button><\/a><\/div>[\/vc_column][\/vc_row]<\/p><\/div>","protected":false},"excerpt":{"rendered":"<p>[vc_row][vc_column][vc_column_text] Cahier &#8211; Mains Anim\u00e9es [\/vc_column_text][vc_separator color=\u00a0\u00bbcustom\u00a0\u00bb border_width=\u00a0\u00bb5&Prime; el_width=\u00a0\u00bb20&Prime; accent_color=\u00a0\u00bb#faa22a\u00a0\u00bb][\/vc_column][\/vc_row][vc_row content_placement=\u00a0\u00bbmiddle\u00a0\u00bb][vc_column width=\u00a0\u00bb1\/2&Prime;][vc_column_text] Les cahiers, version noir et blanc et en couleur, contiennent les 494 Pictogestes du logiciel Les Mains anim\u00e9es en format de 8 cm sur 8 cm, regroup\u00e9s par ordre alphab\u00e9tique ou par cat\u00e9gories (alimentation, corps humain, mots d\u2019action, mots de la vie quotidienne,&hellip;<\/p>\n","protected":false},"author":1,"featured_media":0,"parent":0,"menu_order":0,"comment_status":"closed","ping_status":"closed","template":"","meta":{"footnotes":""},"class_list":["post-215","page","type-page","status-publish","hentry","description-off"],"_links":{"self":[{"href":"https:\/\/recitas.ca\/parlerpictos\/wp-json\/wp\/v2\/pages\/215","targetHints":{"allow":["GET"]}}],"collection":[{"href":"https:\/\/recitas.ca\/parlerpictos\/wp-json\/wp\/v2\/pages"}],"about":[{"href":"https:\/\/recitas.ca\/parlerpictos\/wp-json\/wp\/v2\/types\/page"}],"author":[{"embeddable":true,"href":"https:\/\/recitas.ca\/parlerpictos\/wp-json\/wp\/v2\/users\/1"}],"replies":[{"embeddable":true,"href":"https:\/\/recitas.ca\/parlerpictos\/wp-json\/wp\/v2\/comments?post=215"}],"version-history":[{"count":6,"href":"https:\/\/recitas.ca\/parlerpictos\/wp-json\/wp\/v2\/pages\/215\/revisions"}],"predecessor-version":[{"id":621,"href":"https:\/\/recitas.ca\/parlerpictos\/wp-json\/wp\/v2\/pages\/215\/revisions\/621"}],"wp:attachment":[{"href":"https:\/\/recitas.ca\/parlerpictos\/wp-json\/wp\/v2\/media?parent=215"}],"curies":[{"name":"wp","href":"https:\/\/api.w.org\/{rel}","templated":true}]}}