{"id":173,"date":"2020-05-05T15:33:33","date_gmt":"2020-05-05T19:33:33","guid":{"rendered":"http:\/\/recitas.ca\/parlerpictos\/?page_id=173"},"modified":"2024-05-16T10:07:57","modified_gmt":"2024-05-16T14:07:57","slug":"credits","status":"publish","type":"page","link":"https:\/\/recitas.ca\/parlerpictos\/credits\/","title":{"rendered":"Cr\u00e9dits"},"content":{"rendered":"<div class=\"wpb-content-wrapper\"><p>[vc_row][vc_column][vc_column_text]<\/p>\n<h1 style=\"text-align: center;\">Cr\u00e9dits<\/h1>\n<p>[\/vc_column_text][vc_separator color=\u00a0\u00bbcustom\u00a0\u00bb border_width=\u00a0\u00bb5&Prime; el_width=\u00a0\u00bb20&Prime; accent_color=\u00a0\u00bb#faa22a\u00a0\u00bb][\/vc_column][\/vc_row][vc_row][vc_column][vc_column_text]<\/p>\n<h3 style=\"text-align: center;\">Parlerpictos, une banque de pictogrammes<br \/>\npour communiquer, lire, \u00e9crire et apprendre<br \/>\n2023-2024<\/h3>\n<p>[\/vc_column_text][\/vc_column][\/vc_row][vc_row][vc_column][vc_column_text]<\/p>\n<h2 style=\"text-align: center;\">Partenaires<\/h2>\n<p>[\/vc_column_text][vc_row_inner][vc_column_inner width=\u00a0\u00bb1\/3&Prime;][vc_single_image image=\u00a0\u00bb624&Prime; img_size=\u00a0\u00bbfull\u00a0\u00bb alignment=\u00a0\u00bbcenter\u00a0\u00bb][\/vc_column_inner][vc_column_inner width=\u00a0\u00bb1\/3&Prime;][vc_single_image image=\u00a0\u00bb623&Prime; img_size=\u00a0\u00bbfull\u00a0\u00bb alignment=\u00a0\u00bbcenter\u00a0\u00bb][\/vc_column_inner][vc_column_inner width=\u00a0\u00bb1\/3&Prime;][vc_single_image image=\u00a0\u00bb438&Prime; img_size=\u00a0\u00bbfull\u00a0\u00bb alignment=\u00a0\u00bbcenter\u00a0\u00bb][\/vc_column_inner][\/vc_row_inner][vc_row_inner][vc_column_inner width=\u00a0\u00bb1\/2&Prime;][vc_column_text]<strong>Droits d\u2019auteur<\/strong><br \/>\nService national du R\u00c9CIT inclusion et adaptation scolaire<\/p>\n<p><strong>Licence<\/strong><\/p>\n<figure class=\"wp-block-image size-large\"><a href=\"https:\/\/creativecommons.org\/licenses\/by-nc-sa\/4.0\/\" target=\"_blank\" rel=\"noopener noreferrer\"><img loading=\"lazy\" decoding=\"async\" class=\"wp-image-178\" src=\"http:\/\/recitas.ca\/parlerpictos\/wp-content\/uploads\/2020\/05\/Image2.png\" alt=\"\" width=\"165\" height=\"55\" \/><\/a><figcaption><\/figcaption><\/figure>\n<p>Mai 2024<\/p>\n<p>Il est important de citer la source lors de la diffusion de la banque Parlerpictos.<\/p>\n<p><strong>\u00c9diteur <\/strong><\/p>\n<p>Service national du R\u00c9CIT inclusion et adaptation scolaire<\/p>\n<p><strong>Projet subventionn\u00e9<\/strong><\/p>\n<p>Direction des ressources didactiques et p\u00e9dagonum\u00e9riques du M\u00c9ES dans le cadre de la mesure 11 du\u00a0Plan d\u2019action num\u00e9rique (2019).<\/p>\n<p><strong>Coordination<\/strong><\/p>\n<p>Jean Chouinard, Service national du R\u00c9CIT inclusion et adaptation scolaire<\/p>\n<p>Isabelle Demers, Service national du R\u00c9CIT inclusion et adaptation scolaire[\/vc_column_text][\/vc_column_inner][vc_column_inner width=\u00a0\u00bb1\/2&Prime;][vc_column_text]<strong>Gestion de projet<\/strong><br \/>\nSuzanne Plourde Pinard, collaboratrice au Service national du R\u00c9CIT inclusion et adaptation scolaire<\/p>\n<p>Isabelle Demers, Service national du R\u00c9CIT inclusion et adaptation scolaire<\/p>\n<p><strong>Gestion des ressources financi\u00e8res<\/strong><br \/>\nAnne-Genevi\u00e8ve Ialongo, Bureau de la planification et de l\u2019expertise p\u00e9dagogique, Services p\u00e9dagogiques, CSSDM<\/p>\n<p>Isabelle Forget, <span class=\"ui-provider a b c d e f g h i j k l m n o p q r s t u v w x y z ab ac ae af ag ah ai aj ak\" dir=\"ltr\">Directrice adjointe, responsable de l\u2019ordre primaire, des \u00e9coles alternatives et de l\u2019enseignement \u00e0 la maison, Services \u00e9ducatifs, CSSDM<\/span><\/p>\n<p><strong>Conception<\/strong><br \/>\nSuzanne Plourde Pinard, collaboratrice au Service national du R\u00c9CIT inclusion et adaptation scolaire<\/p>\n<p>Jean Chouinard, conseiller p\u00e9dagogique, Service national du R\u00c9CIT inclusion et adaptation scolaire<\/p>\n<p>Isabelle Demers, Service national du R\u00c9CIT inclusion et adaptation scolaire<\/p>\n<p>Gabrielle Gingras, infographiste<\/p>\n<p><strong>Sauvegarde des pictogrammes en format PNG et liste de mots associ\u00e9s<\/strong><br \/>\nGabrielle Gingras, infographiste<br \/>\n<a href=\"https:\/\/gginfographiste.com\/\" target=\"_blank\" rel=\"noreferrer noopener\">https:\/\/gginfographiste.com<\/a><\/p>\n<p><strong>Programmation de la base donn\u00e9es et cr\u00e9ation du site Parlerpictos<\/strong><br \/>\nAltitudes Strat\u00e9gies[\/vc_column_text][\/vc_column_inner][\/vc_row_inner][\/vc_column][\/vc_row]<\/p>\n<\/div>","protected":false},"excerpt":{"rendered":"<p>[vc_row][vc_column][vc_column_text] Cr\u00e9dits [\/vc_column_text][vc_separator color=\u00a0\u00bbcustom\u00a0\u00bb border_width=\u00a0\u00bb5&Prime; el_width=\u00a0\u00bb20&Prime; accent_color=\u00a0\u00bb#faa22a\u00a0\u00bb][\/vc_column][\/vc_row][vc_row][vc_column][vc_column_text] Parlerpictos, une banque de pictogrammes pour communiquer, lire, \u00e9crire et apprendre 2023-2024 [\/vc_column_text][\/vc_column][\/vc_row][vc_row][vc_column][vc_column_text] Partenaires [\/vc_column_text][vc_row_inner][vc_column_inner width=\u00a0\u00bb1\/3&Prime;][vc_single_image image=\u00a0\u00bb624&Prime; img_size=\u00a0\u00bbfull\u00a0\u00bb alignment=\u00a0\u00bbcenter\u00a0\u00bb][\/vc_column_inner][vc_column_inner width=\u00a0\u00bb1\/3&Prime;][vc_single_image image=\u00a0\u00bb623&Prime; img_size=\u00a0\u00bbfull\u00a0\u00bb alignment=\u00a0\u00bbcenter\u00a0\u00bb][\/vc_column_inner][vc_column_inner width=\u00a0\u00bb1\/3&Prime;][vc_single_image image=\u00a0\u00bb438&Prime; img_size=\u00a0\u00bbfull\u00a0\u00bb alignment=\u00a0\u00bbcenter\u00a0\u00bb][\/vc_column_inner][\/vc_row_inner][vc_row_inner][vc_column_inner width=\u00a0\u00bb1\/2&Prime;][vc_column_text]Droits d\u2019auteur Service national du R\u00c9CIT inclusion et adaptation scolaire Licence Mai 2024 Il est important de citer la source lors&hellip;<\/p>\n","protected":false},"author":1,"featured_media":0,"parent":0,"menu_order":0,"comment_status":"closed","ping_status":"closed","template":"","meta":{"footnotes":""},"class_list":["post-173","page","type-page","status-publish","hentry","description-off"],"_links":{"self":[{"href":"https:\/\/recitas.ca\/parlerpictos\/wp-json\/wp\/v2\/pages\/173","targetHints":{"allow":["GET"]}}],"collection":[{"href":"https:\/\/recitas.ca\/parlerpictos\/wp-json\/wp\/v2\/pages"}],"about":[{"href":"https:\/\/recitas.ca\/parlerpictos\/wp-json\/wp\/v2\/types\/page"}],"author":[{"embeddable":true,"href":"https:\/\/recitas.ca\/parlerpictos\/wp-json\/wp\/v2\/users\/1"}],"replies":[{"embeddable":true,"href":"https:\/\/recitas.ca\/parlerpictos\/wp-json\/wp\/v2\/comments?post=173"}],"version-history":[{"count":22,"href":"https:\/\/recitas.ca\/parlerpictos\/wp-json\/wp\/v2\/pages\/173\/revisions"}],"predecessor-version":[{"id":632,"href":"https:\/\/recitas.ca\/parlerpictos\/wp-json\/wp\/v2\/pages\/173\/revisions\/632"}],"wp:attachment":[{"href":"https:\/\/recitas.ca\/parlerpictos\/wp-json\/wp\/v2\/media?parent=173"}],"curies":[{"name":"wp","href":"https:\/\/api.w.org\/{rel}","templated":true}]}}