{"id":141,"date":"2020-04-01T16:39:13","date_gmt":"2020-04-01T20:39:13","guid":{"rendered":"http:\/\/recitas.ca\/parlerpictos\/?page_id=141"},"modified":"2020-04-01T16:39:13","modified_gmt":"2020-04-01T20:39:13","slug":"licence-creative-commons","status":"publish","type":"page","link":"https:\/\/recitas.ca\/parlerpictos\/licence-creative-commons\/","title":{"rendered":"Licence Creative Commons"},"content":{"rendered":"\n<p><a href=\"http:\/\/creativecommons.org\/licenses\/by-nc-sa\/4.0\/\"><\/a><br>Ce(tte) cr\u00e9ation est mise \u00e0 disposition selon les termes de la <a href=\"http:\/\/creativecommons.org\/licenses\/by-nc-sa\/4.0\/\">Licence Creative Commons Paternit\u00e9 &#8211; Pas d&rsquo;Utilisation Commerciale &#8211; Partage des Conditions Initiales \u00e0 l&rsquo;Identique 4.0 International<\/a>.<\/p>\n","protected":false},"excerpt":{"rendered":"<p>Ce(tte) cr\u00e9ation est mise \u00e0 disposition selon les termes de la Licence Creative Commons Paternit\u00e9 &#8211; Pas d&rsquo;Utilisation Commerciale &#8211; Partage des Conditions Initiales \u00e0 l&rsquo;Identique 4.0 International.<\/p>\n","protected":false},"author":1,"featured_media":0,"parent":0,"menu_order":0,"comment_status":"closed","ping_status":"closed","template":"","meta":{"footnotes":""},"class_list":["post-141","page","type-page","status-publish","hentry","description-off"],"_links":{"self":[{"href":"https:\/\/recitas.ca\/parlerpictos\/wp-json\/wp\/v2\/pages\/141","targetHints":{"allow":["GET"]}}],"collection":[{"href":"https:\/\/recitas.ca\/parlerpictos\/wp-json\/wp\/v2\/pages"}],"about":[{"href":"https:\/\/recitas.ca\/parlerpictos\/wp-json\/wp\/v2\/types\/page"}],"author":[{"embeddable":true,"href":"https:\/\/recitas.ca\/parlerpictos\/wp-json\/wp\/v2\/users\/1"}],"replies":[{"embeddable":true,"href":"https:\/\/recitas.ca\/parlerpictos\/wp-json\/wp\/v2\/comments?post=141"}],"version-history":[{"count":1,"href":"https:\/\/recitas.ca\/parlerpictos\/wp-json\/wp\/v2\/pages\/141\/revisions"}],"predecessor-version":[{"id":142,"href":"https:\/\/recitas.ca\/parlerpictos\/wp-json\/wp\/v2\/pages\/141\/revisions\/142"}],"wp:attachment":[{"href":"https:\/\/recitas.ca\/parlerpictos\/wp-json\/wp\/v2\/media?parent=141"}],"curies":[{"name":"wp","href":"https:\/\/api.w.org\/{rel}","templated":true}]}}