{"id":138,"date":"2020-04-01T09:39:23","date_gmt":"2020-04-01T13:39:23","guid":{"rendered":"http:\/\/recitas.ca\/parlerpictos\/?page_id=138"},"modified":"2024-05-16T09:39:37","modified_gmt":"2024-05-16T13:39:37","slug":"a-propos-des-mains-animees","status":"publish","type":"page","link":"https:\/\/recitas.ca\/parlerpictos\/a-propos-des-mains-animees\/","title":{"rendered":"\u00c0 propos des Mains anim\u00e9es"},"content":{"rendered":"<div class=\"wpb-content-wrapper\"><p>[vc_row][vc_column][vc_column_text]<\/p>\r\n<h1 style=\"text-align: center;\">\u00c0 propos des Mains anim\u00e9es<\/h1>\r\n<p>[\/vc_column_text][vc_separator color=\u00a0\u00bbcustom\u00a0\u00bb border_width=\u00a0\u00bb5&Prime; el_width=\u00a0\u00bb20&Prime; accent_color=\u00a0\u00bb#faa22a\u00a0\u00bb][\/vc_column][\/vc_row][vc_row content_placement=\u00a0\u00bbmiddle\u00a0\u00bb][vc_column width=\u00a0\u00bb1\/2&Prime;][vc_column_text]<\/p>\r\n<p>D\u2019abord con\u00e7ue par des orthophonistes \u0153uvrant aupr\u00e8s de la client\u00e8le en d\u00e9ficience intellectuelle, la banque Les Mains anim\u00e9es est un r\u00e9pertoire de gestes faciles \u00e0 comprendre et \u00e0 r\u00e9aliser. Les gestes des Mains Anim\u00e9es sont utilis\u00e9s avec une client\u00e8le diversifi\u00e9e.<\/p>\r\n\r\n<p>La repr\u00e9sentation imag\u00e9e du r\u00e9pertoire des gestes Les Mains Anim\u00e9es a d\u2019abord \u00e9t\u00e9 con\u00e7ue pour repr\u00e9senter la fa\u00e7on d\u2019ex\u00e9cuter les gestes. Elle s\u2019adresse \u00e0 tous ceux et celles qui c\u00f4toient des personnes ayant une incapacit\u00e9 \u00e0 communiquer dans divers milieux. En se familiarisant avec l\u2019utilisation des gestes et en les int\u00e9grant \u00e0 la parole (faire le geste et dire le mot en m\u00eame temps), les intervenants pourront faciliter la compr\u00e9hension du langage chez la personne ayant une incapacit\u00e9 \u00e0 communiquer, tout en offrant un mod\u00e8le de stimulation ad\u00e9quat, les incitant ainsi \u00e0 utiliser les gestes comme soutien ou alternative \u00e0 la parole. Les personnes ayant une incapacit\u00e9 \u00e0 communiquer int\u00e8greront plus facilement ce langage gestuel par imitation dans des situations naturelles, stimulantes, o\u00f9 le geste r\u00e9pond \u00e0 un besoin r\u00e9el.<\/p>\r\n<p>&nbsp;<\/p>\r\n<p>\u00a0<\/p>\r\n<p>[\/vc_column_text][\/vc_column][vc_column width=\u00a0\u00bb1\/2&Prime;][vc_single_image image=\u00a0\u00bb574&Prime; img_size=\u00a0\u00bbfull\u00a0\u00bb alignment=\u00a0\u00bbcenter\u00a0\u00bb][\/vc_column][\/vc_row]<\/p><\/div>","protected":false},"excerpt":{"rendered":"<p>[vc_row][vc_column][vc_column_text] \u00c0 propos des Mains anim\u00e9es [\/vc_column_text][vc_separator color=\u00a0\u00bbcustom\u00a0\u00bb border_width=\u00a0\u00bb5&Prime; el_width=\u00a0\u00bb20&Prime; accent_color=\u00a0\u00bb#faa22a\u00a0\u00bb][\/vc_column][\/vc_row][vc_row content_placement=\u00a0\u00bbmiddle\u00a0\u00bb][vc_column width=\u00a0\u00bb1\/2&Prime;][vc_column_text] D\u2019abord con\u00e7ue par des orthophonistes \u0153uvrant aupr\u00e8s de la client\u00e8le en d\u00e9ficience intellectuelle, la banque Les Mains anim\u00e9es est un r\u00e9pertoire de gestes faciles \u00e0 comprendre et \u00e0 r\u00e9aliser. Les gestes des Mains Anim\u00e9es sont utilis\u00e9s avec une client\u00e8le diversifi\u00e9e. La repr\u00e9sentation&hellip;<\/p>\n","protected":false},"author":1,"featured_media":0,"parent":0,"menu_order":0,"comment_status":"closed","ping_status":"closed","template":"","meta":{"footnotes":""},"class_list":["post-138","page","type-page","status-publish","hentry","description-off"],"_links":{"self":[{"href":"https:\/\/recitas.ca\/parlerpictos\/wp-json\/wp\/v2\/pages\/138","targetHints":{"allow":["GET"]}}],"collection":[{"href":"https:\/\/recitas.ca\/parlerpictos\/wp-json\/wp\/v2\/pages"}],"about":[{"href":"https:\/\/recitas.ca\/parlerpictos\/wp-json\/wp\/v2\/types\/page"}],"author":[{"embeddable":true,"href":"https:\/\/recitas.ca\/parlerpictos\/wp-json\/wp\/v2\/users\/1"}],"replies":[{"embeddable":true,"href":"https:\/\/recitas.ca\/parlerpictos\/wp-json\/wp\/v2\/comments?post=138"}],"version-history":[{"count":7,"href":"https:\/\/recitas.ca\/parlerpictos\/wp-json\/wp\/v2\/pages\/138\/revisions"}],"predecessor-version":[{"id":619,"href":"https:\/\/recitas.ca\/parlerpictos\/wp-json\/wp\/v2\/pages\/138\/revisions\/619"}],"wp:attachment":[{"href":"https:\/\/recitas.ca\/parlerpictos\/wp-json\/wp\/v2\/media?parent=138"}],"curies":[{"name":"wp","href":"https:\/\/api.w.org\/{rel}","templated":true}]}}