{"id":133,"date":"2020-04-01T09:23:32","date_gmt":"2020-04-01T13:23:32","guid":{"rendered":"http:\/\/recitas.ca\/parlerpictos\/?page_id=133"},"modified":"2024-05-16T09:28:16","modified_gmt":"2024-05-16T13:28:16","slug":"a-propos-de-parlerpictos","status":"publish","type":"page","link":"https:\/\/recitas.ca\/parlerpictos\/a-propos-de-parlerpictos\/","title":{"rendered":"\u00c0 propos de Parlerpictos"},"content":{"rendered":"<div class=\"wpb-content-wrapper\"><p>[vc_row][vc_column][vc_column_text]<\/p>\r\n<h1 style=\"text-align: center;\">\u00c0 propos de Parlerpictos<\/h1>\r\n<p>[\/vc_column_text][vc_separator color=\u00a0\u00bbcustom\u00a0\u00bb border_width=\u00a0\u00bb5&Prime; el_width=\u00a0\u00bb20&Prime; accent_color=\u00a0\u00bb#faa22a\u00a0\u00bb][\/vc_column][\/vc_row][vc_row content_placement=\u00a0\u00bbmiddle\u00a0\u00bb][vc_column width=\u00a0\u00bb1\/2&Prime;][vc_column_text]<\/p>\r\n<p>Parlerpictos est une banque de pictogrammes qui a \u00e9t\u00e9 \u00e9labor\u00e9e et r\u00e9alis\u00e9e par des enseignants(es), orthop\u00e9dagogues, orthophonistes et ergoth\u00e9rapeutes, membres du Centre en suppl\u00e9ance \u00e0 la communication orale et \u00e9crite (CSCOE-Qu\u00e9bec), \u00e0 la recherche de pictogrammes correspondant davantage \u00e0 la r\u00e9alit\u00e9 qu\u00e9b\u00e9coise et aux besoins des personnes priv\u00e9es de la parole.<\/p>\r\n<p>\r\n\r\nLa banque a vu le jour en 1999 et le nombre de pictogrammes n\u2019a cess\u00e9 de s\u2019accro\u00eetre depuis. Elle continue \u00e0 se d\u00e9velopper en fonction des besoins de ses diverses client\u00e8les de tous \u00e2ges. L&rsquo;objectif de la banque Parlerpictos est de soutenir la communication, le d\u00e9veloppement de comp\u00e9tences, l&rsquo;autod\u00e9termination ainsi que la participation sociale.<\/p>\r\n<p>\u00a0<\/p>\r\n<p><!-- \/wp:post-content -->\u00a0<\/p>\r\n<p>[\/vc_column_text][\/vc_column][vc_column width=\u00a0\u00bb1\/2&Prime;][vc_single_image image=\u00a0\u00bb614&Prime; img_size=\u00a0\u00bbfull\u00a0\u00bb alignment=\u00a0\u00bbcenter\u00a0\u00bb][\/vc_column][\/vc_row]<\/p><\/div>","protected":false},"excerpt":{"rendered":"<p>[vc_row][vc_column][vc_column_text] \u00c0 propos de Parlerpictos [\/vc_column_text][vc_separator color=\u00a0\u00bbcustom\u00a0\u00bb border_width=\u00a0\u00bb5&Prime; el_width=\u00a0\u00bb20&Prime; accent_color=\u00a0\u00bb#faa22a\u00a0\u00bb][\/vc_column][\/vc_row][vc_row content_placement=\u00a0\u00bbmiddle\u00a0\u00bb][vc_column width=\u00a0\u00bb1\/2&Prime;][vc_column_text] Parlerpictos est une banque de pictogrammes qui a \u00e9t\u00e9 \u00e9labor\u00e9e et r\u00e9alis\u00e9e par des enseignants(es), orthop\u00e9dagogues, orthophonistes et ergoth\u00e9rapeutes, membres du Centre en suppl\u00e9ance \u00e0 la communication orale et \u00e9crite (CSCOE-Qu\u00e9bec), \u00e0 la recherche de pictogrammes correspondant davantage \u00e0 la r\u00e9alit\u00e9 qu\u00e9b\u00e9coise et&hellip;<\/p>\n","protected":false},"author":1,"featured_media":0,"parent":0,"menu_order":0,"comment_status":"closed","ping_status":"closed","template":"","meta":{"footnotes":""},"class_list":["post-133","page","type-page","status-publish","hentry","description-off"],"_links":{"self":[{"href":"https:\/\/recitas.ca\/parlerpictos\/wp-json\/wp\/v2\/pages\/133","targetHints":{"allow":["GET"]}}],"collection":[{"href":"https:\/\/recitas.ca\/parlerpictos\/wp-json\/wp\/v2\/pages"}],"about":[{"href":"https:\/\/recitas.ca\/parlerpictos\/wp-json\/wp\/v2\/types\/page"}],"author":[{"embeddable":true,"href":"https:\/\/recitas.ca\/parlerpictos\/wp-json\/wp\/v2\/users\/1"}],"replies":[{"embeddable":true,"href":"https:\/\/recitas.ca\/parlerpictos\/wp-json\/wp\/v2\/comments?post=133"}],"version-history":[{"count":7,"href":"https:\/\/recitas.ca\/parlerpictos\/wp-json\/wp\/v2\/pages\/133\/revisions"}],"predecessor-version":[{"id":616,"href":"https:\/\/recitas.ca\/parlerpictos\/wp-json\/wp\/v2\/pages\/133\/revisions\/616"}],"wp:attachment":[{"href":"https:\/\/recitas.ca\/parlerpictos\/wp-json\/wp\/v2\/media?parent=133"}],"curies":[{"name":"wp","href":"https:\/\/api.w.org\/{rel}","templated":true}]}}